{"id":6240,"date":"2023-03-01T14:45:57","date_gmt":"2023-03-01T14:45:57","guid":{"rendered":"https:\/\/www.pneustiktak.com.br\/?post_type=product&#038;p=6240"},"modified":"2026-04-27T22:45:36","modified_gmt":"2026-04-27T22:45:36","slug":"185-55-r15-82v-blazer-hp-compasal","status":"publish","type":"product","link":"https:\/\/www.pneustiktak.com.br\/?product=185-55-r15-82v-blazer-hp-compasal","title":{"rendered":"185\/55 R15 82V BLAZER HP COMPASAL"},"content":{"rendered":"<table width=\"263\">\n<tbody>\n<tr>\n<td width=\"142\">Marca<\/td>\n<td width=\"121\">CAMPASAL<\/td>\n<\/tr>\n<tr>\n<td>Modelo<\/td>\n<td>BLAZER HP<\/td>\n<\/tr>\n<tr>\n<td>Aro<\/td>\n<td>15<\/td>\n<\/tr>\n<tr>\n<td>Perfil<\/td>\n<td>55<\/td>\n<\/tr>\n<tr>\n<td>Largura<\/td>\n<td>185<\/td>\n<\/tr>\n<tr>\n<td>\u00cdndice de Carga<\/td>\n<td>82<\/td>\n<\/tr>\n<tr>\n<td>\u00cdndice de Velocidade<\/td>\n<td>V<\/td>\n<\/tr>\n<\/tbody>\n<\/table>\n","protected":false},"excerpt":{"rendered":"<p>A\u00a0Compasal Internacional\u00a0foi fundada em 2011 e sua f\u00e1brica abrange uma \u00e1rea de 750.000 metros quadrados. Com uma capacidade de produ\u00e7\u00e3o de 20 milh\u00f5es por ano e um staff de 5000 pessoas, al\u00e9m de contar com a mais\u00a0recente tecnologia e equipamentos de primeira classe da Alemanha, Jap\u00e3o, Holanda e China, nossos pneus s\u00e3o \u00a0adequados para fornecer\u00a0qualidade e satisfa\u00e7\u00e3o\u00a0ao cliente. Todos os produtos s\u00e3o projetados de acordo com as exig\u00eancias mais recentes do mercado, com padr\u00f5es de qualidade aprovados: DOT, INMETRO, ISO9001, TS16949 entre outros.Todos os pneus s\u00e3o produzidos sob sistemas de\u00a0ger\u00eancia de qualidade\u00a0estritos para assegurar a promessa da\u00a0qualidade\u00a0superior.<\/p>\n","protected":false},"featured_media":5999,"comment_status":"open","ping_status":"closed","template":"","meta":[],"product_cat":[116,117],"product_tag":[125,214],"class_list":{"0":"post-6240","1":"product","2":"type-product","3":"status-publish","4":"has-post-thumbnail","6":"product_cat-ofertas","7":"product_cat-pneus","8":"product_tag-aro-15","9":"product_tag-compasal","10":"badges-style-2","12":"first","13":"instock","14":"sale","15":"shipping-taxable","16":"purchasable","17":"product-type-simple"},"_links":{"self":[{"href":"https:\/\/www.pneustiktak.com.br\/index.php?rest_route=\/wp\/v2\/product\/6240","targetHints":{"allow":["GET"]}}],"collection":[{"href":"https:\/\/www.pneustiktak.com.br\/index.php?rest_route=\/wp\/v2\/product"}],"about":[{"href":"https:\/\/www.pneustiktak.com.br\/index.php?rest_route=\/wp\/v2\/types\/product"}],"replies":[{"embeddable":true,"href":"https:\/\/www.pneustiktak.com.br\/index.php?rest_route=%2Fwp%2Fv2%2Fcomments&post=6240"}],"wp:featuredmedia":[{"embeddable":true,"href":"https:\/\/www.pneustiktak.com.br\/index.php?rest_route=\/wp\/v2\/media\/5999"}],"wp:attachment":[{"href":"https:\/\/www.pneustiktak.com.br\/index.php?rest_route=%2Fwp%2Fv2%2Fmedia&parent=6240"}],"wp:term":[{"taxonomy":"product_cat","embeddable":true,"href":"https:\/\/www.pneustiktak.com.br\/index.php?rest_route=%2Fwp%2Fv2%2Fproduct_cat&post=6240"},{"taxonomy":"product_tag","embeddable":true,"href":"https:\/\/www.pneustiktak.com.br\/index.php?rest_route=%2Fwp%2Fv2%2Fproduct_tag&post=6240"}],"curies":[{"name":"wp","href":"https:\/\/api.w.org\/{rel}","templated":true}]}}