{"id":6742,"date":"2026-04-23T14:57:10","date_gmt":"2026-04-23T14:57:10","guid":{"rendered":"https:\/\/www.pneustiktak.com.br\/?post_type=product&#038;p=6742"},"modified":"2026-04-23T15:54:34","modified_gmt":"2026-04-23T15:54:34","slug":"225-55-r18-98v-premier-2-durable","status":"publish","type":"product","link":"https:\/\/www.pneustiktak.com.br\/?product=225-55-r18-98v-premier-2-durable","title":{"rendered":"225\/55 R18 98V PREMIER 2 DURABLE"},"content":{"rendered":"<table width=\"245\">\n<tbody>\n<tr>\n<td width=\"142\">Marca<\/td>\n<td width=\"103\">DUNLOP<\/td>\n<\/tr>\n<tr>\n<td>Modelo<\/td>\n<td>PREMIER<\/td>\n<\/tr>\n<tr>\n<td>Aro<\/td>\n<td>18<\/td>\n<\/tr>\n<tr>\n<td>Perfil<\/td>\n<td>55<\/td>\n<\/tr>\n<tr>\n<td>Largura<\/td>\n<td>225<\/td>\n<\/tr>\n<tr>\n<td>\u00cdndice de Carga<\/td>\n<td>98<\/td>\n<\/tr>\n<tr>\n<td>\u00cdndice de Velocidade<\/td>\n<td>V<\/td>\n<\/tr>\n<\/tbody>\n<\/table>\n","protected":false},"excerpt":{"rendered":"<p>O Pneu Durable Premier 2 foi desenvolvido para motoristas que buscam conforto, estabilidade e seguran\u00e7a no uso di\u00e1rio, especialmente em SUVs, crossovers e ve\u00edculos de passeio de maior porte. Com desenho voltado para rodagem em asfalto, este pneu proporciona rodagem suave, boa resposta ao volante e excelente comportamento em diversas condi\u00e7\u00f5es de tr\u00e1fego, ideal tanto para trajetos urbanos quanto para viagens rodovi\u00e1rias.<\/p>\n","protected":false},"featured_media":6743,"comment_status":"open","ping_status":"closed","template":"","meta":[],"product_cat":[116,117],"product_tag":[133,262],"class_list":{"0":"post-6742","1":"product","2":"type-product","3":"status-publish","4":"has-post-thumbnail","6":"product_cat-ofertas","7":"product_cat-pneus","8":"product_tag-aro-18","9":"product_tag-durable","10":"badges-style-2","12":"first","13":"instock","14":"sale","15":"shipping-taxable","16":"purchasable","17":"product-type-simple"},"_links":{"self":[{"href":"https:\/\/www.pneustiktak.com.br\/index.php?rest_route=\/wp\/v2\/product\/6742","targetHints":{"allow":["GET"]}}],"collection":[{"href":"https:\/\/www.pneustiktak.com.br\/index.php?rest_route=\/wp\/v2\/product"}],"about":[{"href":"https:\/\/www.pneustiktak.com.br\/index.php?rest_route=\/wp\/v2\/types\/product"}],"replies":[{"embeddable":true,"href":"https:\/\/www.pneustiktak.com.br\/index.php?rest_route=%2Fwp%2Fv2%2Fcomments&post=6742"}],"wp:featuredmedia":[{"embeddable":true,"href":"https:\/\/www.pneustiktak.com.br\/index.php?rest_route=\/wp\/v2\/media\/6743"}],"wp:attachment":[{"href":"https:\/\/www.pneustiktak.com.br\/index.php?rest_route=%2Fwp%2Fv2%2Fmedia&parent=6742"}],"wp:term":[{"taxonomy":"product_cat","embeddable":true,"href":"https:\/\/www.pneustiktak.com.br\/index.php?rest_route=%2Fwp%2Fv2%2Fproduct_cat&post=6742"},{"taxonomy":"product_tag","embeddable":true,"href":"https:\/\/www.pneustiktak.com.br\/index.php?rest_route=%2Fwp%2Fv2%2Fproduct_tag&post=6742"}],"curies":[{"name":"wp","href":"https:\/\/api.w.org\/{rel}","templated":true}]}}